{"id":24739,"date":"2025-06-01T00:19:07","date_gmt":"2025-06-01T03:19:07","guid":{"rendered":"https:\/\/www.tunuyan.gov.ar\/site\/normas-iso-2\/"},"modified":"2025-06-01T00:23:04","modified_gmt":"2025-06-01T03:23:04","slug":"normas-iso-2","status":"publish","type":"page","link":"https:\/\/www.tunuyan.gov.ar\/site\/normas-iso-2\/","title":{"rendered":"Normas ISO"},"content":{"rendered":"\t\t<div data-elementor-type=\"wp-page\" data-elementor-id=\"24739\" class=\"elementor elementor-24739\" data-elementor-post-type=\"page\">\n\t\t\t\t<div class=\"elementor-element elementor-element-135c834c e-flex e-con-boxed elementor-invisible e-con e-parent\" data-id=\"135c834c\" data-element_type=\"container\" data-settings=\"{&quot;jet_parallax_layout_list&quot;:[],&quot;background_background&quot;:&quot;classic&quot;,&quot;animation&quot;:&quot;slideInDown&quot;}\">\n\t\t\t\t\t<div class=\"e-con-inner\">\n\t\t<div class=\"elementor-element elementor-element-d5ced3d e-con-full e-flex e-con e-child\" data-id=\"d5ced3d\" data-element_type=\"container\" data-settings=\"{&quot;jet_parallax_layout_list&quot;:[]}\">\n\t\t\t\t<div class=\"elementor-element elementor-element-487195f0 elementor-widget elementor-widget-image\" data-id=\"487195f0\" data-element_type=\"widget\" data-widget_type=\"image.default\">\n\t\t\t\t<div class=\"elementor-widget-container\">\n\t\t\t\t\t\t\t\t\t\t\t\t\t\t\t<img fetchpriority=\"high\" decoding=\"async\" width=\"554\" height=\"554\" src=\"https:\/\/www.tunuyan.gov.ar\/site\/wp-content\/uploads\/2025\/06\/Recurso-1.png\" class=\"attachment-large size-large wp-image-24740\" alt=\"\" srcset=\"https:\/\/www.tunuyan.gov.ar\/site\/wp-content\/uploads\/2025\/06\/Recurso-1.png 554w, https:\/\/www.tunuyan.gov.ar\/site\/wp-content\/uploads\/2025\/06\/Recurso-1-300x300.png 300w, https:\/\/www.tunuyan.gov.ar\/site\/wp-content\/uploads\/2025\/06\/Recurso-1-150x150.png 150w\" sizes=\"(max-width: 554px) 100vw, 554px\" \/>\t\t\t\t\t\t\t\t\t\t\t\t\t\t\t<\/div>\n\t\t\t\t<\/div>\n\t\t\t\t<\/div>\n\t\t<div class=\"elementor-element elementor-element-456fb69b e-con-full e-flex e-con e-child\" data-id=\"456fb69b\" data-element_type=\"container\" data-settings=\"{&quot;jet_parallax_layout_list&quot;:[]}\">\n\t\t\t\t<div class=\"elementor-element elementor-element-968877a elementor-widget elementor-widget-heading\" data-id=\"968877a\" data-element_type=\"widget\" data-widget_type=\"heading.default\">\n\t\t\t\t<div class=\"elementor-widget-container\">\n\t\t\t\t\t<h2 class=\"elementor-heading-title elementor-size-default\">GESTI\u00d3N DE LA CALIDAD RI-9000-2849<br>IRAM-ISO 9001:2015<\/h2>\t\t\t\t<\/div>\n\t\t\t\t<\/div>\n\t\t\t\t<\/div>\n\t\t\t\t\t<\/div>\n\t\t\t\t<\/div>\n\t\t<div class=\"elementor-element elementor-element-42790577 e-flex e-con-boxed e-con e-parent\" data-id=\"42790577\" data-element_type=\"container\" data-settings=\"{&quot;jet_parallax_layout_list&quot;:[]}\">\n\t\t\t\t\t<div class=\"e-con-inner\">\n\t\t\t\t<div class=\"elementor-element elementor-element-4db00042 elementor-widget elementor-widget-text-editor\" data-id=\"4db00042\" data-element_type=\"widget\" data-widget_type=\"text-editor.default\">\n\t\t\t\t<div class=\"elementor-widget-container\">\n\t\t\t\t\t\t\t\t\t<div class=\"et_pb_module et_pb_text et_pb_text_0  et_pb_text_align_left et_pb_bg_layout_light\"><div class=\"et_pb_text_inner\">Nuestra instituci\u00f3n cuenta con un sistema de gesti\u00f3n de la calidad, certificado bajo los requisitos de la <strong>Norma Internacional ISO 9001:2015<\/strong> con alcance a:<\/div><div>\u00a0<\/div><\/div><div class=\"et_pb_module et_pb_text et_pb_text_1  et_pb_text_align_left et_pb_bg_layout_light\"><div class=\"et_pb_text_inner\"><ul><li>Edificio Central<\/li><li>Secretar\u00eda de Hacienda: Control y ejecuci\u00f3n del presupuesto en cuanto a ingresos y egresos (Compras y contrataciones, Imputaciones, Pago a Proveedores, Contadur\u00eda, Tesorer\u00eda, Rentas, Control de Inventario).<\/li><li>Secretar\u00eda de Gobierno \u2013 Subsecretar\u00eda de Innovaci\u00f3n y Transformaci\u00f3n Digital: Recepci\u00f3n, derivaci\u00f3n gesti\u00f3n de reclamos ingresados por \u00abatenci\u00f3n al vecino\u00bb, vinculados a los siguientes procesos: obras privadas, castraci\u00f3n de animales, licencias de conducir, rentas, tesorer\u00eda, festival nacional de la tonada y vendimia municipal, medio ambiente.<\/li><li>Secretar\u00eda de Obras P\u00fablicas: Dise\u00f1o y ejecuci\u00f3n de obras p\u00fablicas de asfalto, cuneta, cord\u00f3n, banquina, veredas, redes de agua y cloacas seg\u00fan necesidades de los ciudadanos. Asesoramiento, tramitaci\u00f3n, control e inspecci\u00f3n de obras privadas.<br \/>Direcci\u00f3n de Prensa: Promoci\u00f3n de actividades y difusi\u00f3n de la gesti\u00f3n municipal.<\/li><li>Casa del Maestro<\/li><li>Secretar\u00eda de Gobierno \u2013 Direcci\u00f3n de Cultura: Planificaci\u00f3n, producci\u00f3n, desarrollo y rendici\u00f3n de la Fiesta de la Vendimia Municipal y del Festival Nacional de la Tonada.<\/li><li>Veterinaria Municipal<\/li><li>Direcci\u00f3n de Inspecci\u00f3n General \u2013 \u00c1rea Veterinaria: Castraci\u00f3n y vacunaci\u00f3n de animales.<\/li><li>Anfiteatro Municipal<\/li><li>Jefatura de Gabinete \u2013 Direcci\u00f3n de Tr\u00e1nsito y Prevenci\u00f3n Ciudadana: Otorgamiento de licencias de conducir.<\/li><li>Secretar\u00eda de Gobierno \u2013 Direcci\u00f3n de Cultura: Planificaci\u00f3n, producci\u00f3n, desarrollo y rendici\u00f3n de la Fiesta de la Vendimia Municipal y del Festival Nacional de la Tonada.<\/li><li>Auditorio Municipal<\/li><li>Secretar\u00eda de Hacienda y Administraci\u00f3n: Control y seguimiento de la recaudaci\u00f3n por el auditorio municipal.<\/li><li>Parque Municipal<\/li><li>Secretar\u00eda de Servicios P\u00fablicos: Control de consumo de combustible.<\/li><\/ul><\/div><\/div><div class=\"et_pb_module et_pb_text et_pb_text_2  et_pb_text_align_left et_pb_bg_layout_light\"><div>\u00a0<\/div><h4 class=\"et_pb_text_inner\"><span style=\"text-decoration: underline;\"><em><strong>VISI\u00d3N<\/strong><\/em><\/span><\/h4><p class=\"et_pb_text_inner\">Promover el desarrollo integral del departamento posicion\u00e1ndolo como referente de la regi\u00f3n; articulando pol\u00edticas sociales, econ\u00f3micas, culturales, educativas y federales. Consolidar una sociedad participativa, con igualdad de oportunidades que permita a todos sus habitantes desarrollarse en un contexto democr\u00e1tico e inclusivo.<\/p><div class=\"et_pb_text_inner\"><h4><span style=\"text-decoration: underline;\"><em><strong>MISI\u00d3N<\/strong><\/em><\/span><\/h4><p>La Municipalidad de Tunuy\u00e1n se compromete a velar por el cuidado del ambiente, la inclusi\u00f3n social, el bienestar general de todos sus habitantes y de quienes visiten su territorio. Lograr un desarrollo econ\u00f3micamente sustentable mediante la producci\u00f3n y optimizaci\u00f3n de bienes y servicios en un entorno local y regional. Desarrollar la educaci\u00f3n y la cultura como ejes fundamentales de inclusi\u00f3n y participaci\u00f3n.<\/p><h4><span style=\"text-decoration: underline;\"><em><strong>POLITICA DE CALIDAD<\/strong><\/em><\/span><\/h4><p>La Municipalidad de Tunuy\u00e1n, se compromete con el desarrollo integral del departamento trabajando de manera sostenida en la implementaci\u00f3n y mantenimiento de su Sistema de Gesti\u00f3n de Calidad a trav\u00e9s de:<br \/>\u00a0 \u00a0 \u00a0 \u00a0 \u00a0\u2714 Mejorar y consolidar el funcionamiento estatal, cumpliendo con los requisitos legales que la dirigen, y a trav\u00e9s de la certificaci\u00f3n de la Norma Internacional ISO 9001.<br \/>\u00a0 \u00a0 \u00a0 \u00a0 \u00a0 \u2714 Satisfacer los requerimientos de los vecinos, detectando las necesidades de la comunidad y tomando como prioridad su resoluci\u00f3n, para lograr as\u00ed mejorar su calidad de vida.<br \/>\u00a0 \u00a0 \u00a0 \u00a0 \u00a0 \u2714 Promover el desarrollo del personal municipal, generando herramientas de capacitaci\u00f3n continua, orientada a optimizar los resultados esperados por la comunidad.<br \/>\u00a0 \u00a0 \u00a0 \u00a0 \u00a0 \u2714 Utilizar de manera eficaz y eficiente el uso de Recursos, incorporando nuevas tecnolog\u00edas que optimicen los resultados de mejora en la organizaci\u00f3n.<br \/>El Intendente de Tunuy\u00e1n se compromete a comunicar la Pol\u00edtica de Calidad a todos los integrantes del municipio, proveedores, ciudadanos, y partes interesadas y orientar los esfuerzos en pos de la mejorar continua de los procesos y del sistema de gesti\u00f3n de calidad certificado.<\/p><\/div><p>\u00a0<\/p><\/div><div class=\"et_pb_module et_pb_text et_pb_text_3  et_pb_text_align_left et_pb_bg_layout_light\"><h4 class=\"et_pb_text_inner\"><span style=\"text-decoration: underline;\"><em><strong>PROCESOS QUE CERTIFICAN NORMAS DE CALIDAD<\/strong><\/em><\/span><\/h4><ul><li>Secretar\u00eda de Hacienda: Control y ejecuci\u00f3n del presupuesto en cuanto a ingresos y egresos<br \/>(Compras y contrataciones, Imputaciones, Pago a Proveedores, Contadur\u00eda, Tesorer\u00eda, Rentas,<br \/>Control de Inventario).<\/li><li>Secretar\u00eda de Gobierno \u2013 Subsecretar\u00eda de Innovaci\u00f3n y Transformaci\u00f3n Digital: Recepci\u00f3n,<br \/>derivaci\u00f3n gesti\u00f3n de reclamos ingresados por \u00abatenci\u00f3n al vecino\u00bb, vinculados a los siguientes<br \/>procesos: Obras privadas, Castraci\u00f3n de animales, Licencias de conducir, Rentas, Tesorer\u00eda, Festival Nacional de la Tonada y Vendimia Municipal, Medio Ambiente.<\/li><li>Secretar\u00eda de Obras P\u00fablicas: Dise\u00f1o y ejecuci\u00f3n de obras p\u00fablicas de asfalto, cuneta, cord\u00f3n,<br \/>banquina, veredas, redes de agua y cloacas seg\u00fan necesidades de los ciudadanos.<br \/>Asesoramiento, tramitaci\u00f3n, control e inspecci\u00f3n de Obras Privadas.<\/li><li>Direcci\u00f3n de Prensa: Promoci\u00f3n de actividades y difusi\u00f3n de la gesti\u00f3n municipal.<\/li><li>Secretar\u00eda de Gobierno \u2013 Direcci\u00f3n de Cultura: Planificaci\u00f3n, producci\u00f3n, desarrollo y rendici\u00f3n<br \/>de la Fiesta de la Vendimia Municipal y del Festival Nacional de la Tonada.<\/li><li>Direcci\u00f3n de Inspecci\u00f3n General \u2013 \u00c1rea Veterinaria: Castraci\u00f3n y vacunaci\u00f3n de animales.<br \/>Jefatura de Gabinete \u2013 Direcci\u00f3n de Tr\u00e1nsito y Prevenci\u00f3n Ciudadana: Otorgamiento de licencias<br \/>de conducir.<\/li><li>Secretar\u00eda de Gobierno \u2013 Direcci\u00f3n de Cultura: Planificaci\u00f3n, producci\u00f3n, desarrollo y rendici\u00f3n<br \/>de la Fiesta de la Vendimia Municipal y del Festival Nacional de la Tonada.<br \/>Secretar\u00eda de Hacienda y Administraci\u00f3n: Control y seguimiento de la recaudaci\u00f3n por el<br \/>auditorio municipal.<\/li><li>Secretar\u00eda de Servicios P\u00fablicos: Control de consumo de combustible.<\/li><\/ul><\/div><div class=\"et_pb_module et_pb_text et_pb_text_4  et_pb_text_align_left et_pb_bg_layout_light\"><div class=\"et_pb_text_inner\"><p>\u00a0<\/p><p>Estamos convencidos de que la calidad es el camino y la herramienta para asegurar la satisfacci\u00f3n de nuestros ciudadanos, abordando de forma eficaz sus necesidades y requerimientos. Escuchando sus necesidades y mejorando en forma continua nuestra forma de cumplir con las mismas.<\/p><\/div><\/div>\t\t\t\t\t\t\t\t<\/div>\n\t\t\t\t<\/div>\n\t\t\t\t\t<\/div>\n\t\t\t\t<\/div>\n\t\t\t\t<\/div>\n\t\t","protected":false},"excerpt":{"rendered":"<p>GESTI\u00d3N DE LA CALIDAD RI-9000-2849IRAM-ISO 9001:2015 Nuestra instituci\u00f3n cuenta con un sistema de gesti\u00f3n de la calidad, certificado bajo los requisitos de la Norma Internacional ISO 9001:2015 con alcance a:\u00a0 Edificio Central Secretar\u00eda de Hacienda: Control y ejecuci\u00f3n del presupuesto en cuanto a ingresos y egresos (Compras y contrataciones, Imputaciones, Pago a Proveedores, Contadur\u00eda, Tesorer\u00eda, [&hellip;]<\/p>\n","protected":false},"author":1,"featured_media":0,"parent":0,"menu_order":0,"comment_status":"closed","ping_status":"closed","template":"","meta":{"footnotes":""},"class_list":["post-24739","page","type-page","status-publish","hentry"],"_links":{"self":[{"href":"https:\/\/www.tunuyan.gov.ar\/site\/wp-json\/wp\/v2\/pages\/24739","targetHints":{"allow":["GET"]}}],"collection":[{"href":"https:\/\/www.tunuyan.gov.ar\/site\/wp-json\/wp\/v2\/pages"}],"about":[{"href":"https:\/\/www.tunuyan.gov.ar\/site\/wp-json\/wp\/v2\/types\/page"}],"author":[{"embeddable":true,"href":"https:\/\/www.tunuyan.gov.ar\/site\/wp-json\/wp\/v2\/users\/1"}],"replies":[{"embeddable":true,"href":"https:\/\/www.tunuyan.gov.ar\/site\/wp-json\/wp\/v2\/comments?post=24739"}],"version-history":[{"count":4,"href":"https:\/\/www.tunuyan.gov.ar\/site\/wp-json\/wp\/v2\/pages\/24739\/revisions"}],"predecessor-version":[{"id":24887,"href":"https:\/\/www.tunuyan.gov.ar\/site\/wp-json\/wp\/v2\/pages\/24739\/revisions\/24887"}],"wp:attachment":[{"href":"https:\/\/www.tunuyan.gov.ar\/site\/wp-json\/wp\/v2\/media?parent=24739"}],"curies":[{"name":"wp","href":"https:\/\/api.w.org\/{rel}","templated":true}]}}